{"id":1301,"date":"2019-07-17T15:23:23","date_gmt":"2019-07-17T15:23:23","guid":{"rendered":"https:\/\/custom-uniform.com\/?page_id=1301"},"modified":"2021-03-12T15:01:23","modified_gmt":"2021-03-12T14:01:23","slug":"termini-e-condizioni","status":"publish","type":"page","link":"https:\/\/capoleeuwin.com\/?page_id=1301","title":{"rendered":"Termini e Condizioni"},"content":{"rendered":"<p>[et_pb_section fb_built=&#8221;1&#8243; _builder_version=&#8221;3.22&#8243;][et_pb_row _builder_version=&#8221;3.25&#8243; background_size=&#8221;initial&#8221; background_position=&#8221;top_left&#8221; background_repeat=&#8221;repeat&#8221;][et_pb_column type=&#8221;4_4&#8243; _builder_version=&#8221;3.25&#8243; custom_padding=&#8221;|||&#8221; custom_padding__hover=&#8221;|||&#8221;][et_pb_post_title meta=&#8221;off&#8221; featured_image=&#8221;off&#8221; _builder_version=&#8221;4.9.1&#8243; title_text_color=&#8221;#bd2026&#8243; hover_enabled=&#8221;0&#8243; title_text_align=&#8221;center&#8221; custom_margin=&#8221;25px||||false|false&#8221; sticky_enabled=&#8221;0&#8243;][\/et_pb_post_title][et_pb_text _builder_version=&#8221;4.9.1&#8243; header_2_text_color=&#8221;#666666&#8243; background_size=&#8221;initial&#8221; background_position=&#8221;top_left&#8221; background_repeat=&#8221;repeat&#8221; hover_enabled=&#8221;0&#8243; text_text_color=&#8221;#666666&#8243; sticky_enabled=&#8221;0&#8243;]<\/p>\n<p>L\u2019offerta, la vendita e l\u2019acquisto di prodotti sul nostro sito web customuniform.com sono regolate da queste Condizioni Generali di Vendita:<\/p>\n<p>I prodotti acquistati su questo sito sono venduti direttamente da Capo Leeuwin Srl.<\/p>\n<p><strong>Come concludere il contratto con Capo Leeuwin Srl<\/strong>:<br \/>Per concludere il contratto di acquisto di uno o pi\u00f9 prodotti su customuniform.com dovrai compilare il modulo d\u2019ordine in formato elettronico e trasmetterlo al venditore, per via telematica (attraverso questo sito), seguendo le relative istruzioni.<\/p>\n<p>Nel modulo d\u2019ordine \u00e8 contenuto un rinvio a queste Condizioni Generali di Vendita, e un riepilogo delle informazioni sulle caratteristiche essenziali di ciascun prodotto ordinato ed il relativo prezzo (comprensivo di tutte le tasse o imposte applicabili), dei mezzi di pagamento che potrai utilizzare per acquistare ciascun prodotto e delle modalit\u00e0 di consegna dei prodotti acquistati, dei costi di spedizione e di consegna, la specifica che per gli articoli personalizzati e escluso l\u2019esercizio del tuo diritto di recesso art. 55(d) (1) (consulta la sezione dedicata)<\/p>\n<p>Il contratto \u00e8 concluso quando il Venditore ricevuto, per via telematica, il tuo modulo d\u2019ordine, previa verifica della correttezza dei dati relativi al tuo ordine e della sua possibile esecuzione ti invia la conferma d\u2019ordine.<\/p>\n<p>Prima di procedere all\u2019acquisto dei prodotti, tramite trasmissione del modulo d\u2019ordine, ti sar\u00e0 chiesto di leggere attentamente le Condizioni Generali di Vendita e l\u2019Informativa sui limiti all\u2019applicabilit\u00e0 del diritto di recesso. In qualunque momento, prima e successivamente all\u2019ordine, puoi consultarle accedendo alle sezioni dedicate permanenti del sito.<\/p>\n<p>Prima di procedere alla trasmissione del modulo d\u2019ordine, ti sar\u00e0 anche richiesto di individuare e di correggere eventuali errori di inserimento dei dati.<\/p>\n<p>Il modulo d\u2019ordine sar\u00e0 archiviato presso la nostra banca dati per il periodo di tempo necessario all\u2019evasione degli ordini e comunque nei termini di legge. Se avrai scelto di registrarti, potrai consultare il tuo modulo d\u2019ordine, accedendo alla tua sezione personale.<\/p>\n<p>Con l\u2019invio dell\u2019ordine si intendono esplicitamente approvate anche tutte le lavorazioni di personalizzazioni richieste, elaborate e finalizzate dall\u2019utente attraverso l\u2019uso del \u201cpersonalizzatore\u201d di questo sito, che sono allegate come PDF all\u2019ordine stesso.<\/p>\n<p>La lingua a disposizione per concludere il contratto con il Venditore \u00e8 l\u2019italiano.<\/p>\n<p>Concluso il contratto, Capo Leeuwin Srl prender\u00e0 in carico il tuo ordine d\u2019acquisto.<\/p>\n<p>Con la trasmissione telematica del modulo d\u2019ordine, accetti incondizionatamente e ti impegni ad osservare, nei rapporti con il Venditore, queste Condizioni Generali di Vendita. Se non condividi alcuni dei termini riportati nelle Condizioni Generali di Vendita, ti invitiamo a non inoltrare il modulo d\u2019ordine per l\u2019acquisto dei prodotti su customuniform.com.<\/p>\n<p>Con la trasmissione del modulo d\u2019ordine confermi di conoscere ed accettare le Condizioni Generali di Vendita e le ulteriori informazioni contenute in customuniform.com, anche richiamate tramite link, comprese le Condizioni Generali d\u2019Uso e la Privacy Policy, l\u2019Informativa sul diritto di recesso e sulle modalit\u00e0 di pagamento e spedizione<\/p>\n<p>Concluso il contratto, il Venditore ti trasmetter\u00e0, per posta elettronica, una ricevuta dell\u2019ordine d\u2019acquisto, contenente un riepilogo delle informazioni gi\u00e0 contenute nel modulo d\u2019ordine (Condizioni Generali di Vendita, Informativa sul diritto di recesso, le informazioni relative alle caratteristiche essenziali del prodotto e l\u2019indicazione dettagliata del prezzo, dei mezzi di pagamento e dei costi di consegna).<\/p>\n<p>Il Venditore si riserva il diritto di accettare ordini che prevedono la consegna al di fuori dell\u2019Italia.<\/p>\n<p><strong>Garanzie ed indicazione dei prezzi dei prodotti<\/strong><br \/>Su questo sito sono offerti in vendita esclusivamente prodotti di qualit\u00e0. Capo Leeuwin Srl non vende prodotti usati, irregolari o di qualit\u00e0 inferiore ai corrispondenti standard offerti sul mercato.<\/p>\n<p>A causa del costante sviluppo e perfezionamento operato dai produttori, le caratteristiche tecniche degli articoli descritte nelle schede prodotto sono indicative e non vincolanti e possono subire variazioni senza alcun preavviso. Le indicazioni relative al peso, se non specificato, si riferiscono al capo colorato, con una tolleranza del +\/- 5%. I colori dei prodotti sono orientativi e potrebbero non essere corrispondenti a quelli reali anche per effetto del browser Internet e del monitor utilizzato per visualizzarli. La misura delle taglie ha una tolleranza di +\/- 2,5 cm rispetto a quelle standard indicate da ogni produttore, con una tolleranza del 4% al restringimento (nel rispetto delle istruzioni per il lavaggio indicate nell\u2019etichetta presente su ogni capo). Tutte le informazioni di supporto all\u2019acquisto (consigli, suggerimenti, ecc\u2026) sono da intendersi come semplice materiale informativo generico, non riferibile alle reali caratteristiche di ogni singolo prodotto.<\/p>\n<p>Tutti i prezzi presenti nel sito sono da intendersi prezzi al pubblico e, quindi, comprensivi di IVA. Capo Leeuwin Srl si riserva il diritto di modificare i prezzi in ogni momento, senza alcun preavviso.<\/p>\n<p>Su determinati prodotti, oggetto di promozioni di prezzo, Capo Leeuwin Srl si riserva il diritto di accettare gli ordini riducendone le quantit\u00e0, previa comunicazione e accettazione da parte del Cliente, in difetto della quale l\u2019ordine dovr\u00e0 ritenersi annullato.<\/p>\n<p><strong>Garanzie sull\u2019esecuzione delle lavorazioni di personalizzazione<\/strong><br \/>Capo Leeuwin garantisce l\u2019esecuzione delle lavorazione richieste a regola d\u2019arte e nel pieno rispetto delle indicazioni fornite dall\u2019utente all\u2019atto dell\u2019acquisto. Capo Leeuwin Srl \u00e8 responsabile solo nel caso fossero accertati errori di esecuzione o il non rispetto di quanto richiesto dall\u2019utente. In questi casi sostituir\u00e0 a sue spese quanto non conforme. Capo Leeuwin Srl non potr\u00e0 essere ritenuta responsabile e non risponder\u00e0, di qualunque problema causato da errore di compilazione, superficialit\u00e0 o disattenzione dell\u2019utente nell\u2019uso del \u201cpersonalizzatore\u201d di questo sito.<\/p>\n<p><strong>Pagamenti<\/strong><br \/>Per il pagamento del prezzo dei prodotti e delle relative spese di spedizione potrai utilizzare, a tua scelta, una delle tre modalit\u00e0 indicate nel modulo d\u2019ordine.<\/p>\n<p>Per conoscere le specifiche modalit\u00e0 di pagamento, accedi alla sezione Modalit\u00e0 di pagamento. Ti preghiamo di prestare attenzione a quanto riportato in questa sezione perch\u00e9 le indicazioni ivi contenute formano parte integrante e sostanziale delle presenti Condizioni Generali di Vendita e, pertanto, si ritengono da te integralmente conosciute ed accettate al momento della trasmissione del modulo d\u2019ordine.<\/p>\n<p><strong>Limiti di responsabilit\u00e0<\/strong><br \/>Capo Leeuwin Srl declina ogni responsabilit\u00e0 sulla perdita parziale o totale dei dati registrati sul proprio sito e declina quindi ogni responsabilit\u00e0 sulla affidabilit\u00e0 del servizio offerto, sui tempi di consegna dei prodotti che sono da considerarsi puramente indicativi. L\u2019utente solleva Capo Leeuwin Srl da ogni responsabilit\u00e0 che deriva dalla violazione della legge che tutela il diritto di copyright e da eventuali contenuti che possono diffamare e\/o offendere un terzo, assumendo la piena e totale responsabilit\u00e0 delle personalizzazioni richieste. Capo Leeuwin Srl mette a disposizione, nella galleria disegni e loghi, anche dei loghi registrati di terzi il cui utilizzo avviene unicamente sotto la responsabilit\u00e0 dell\u2019utente che garantisce a Capo Leeuwin Srl di averne il diritto. A titolo esemplificativo e non esaustivo, ad esempio avente diritto in qualit\u00e0 di titolare di imbarcazione dell\u2019omonimo cantiere o di iscritto all\u2019associazione\/club. Nel caso di personalizzazioni con i suddetti loghi, l\u2019utente tiene manlevata Capo Leeuwin Srl da qualunque contestazione dovesse insorgere in merito al predetto utilizzo.<\/p>\n<p><strong>Accettazione ed esecuzione dell\u2019ordine<\/strong><br \/>Capo Leeuwin Srl si riserva ogni ampio diritto di non dare conferma all\u2019ordine ricevuto per problemi tecnici o per personalizzazioni che violino la legge che tutela il diritto di copyright e\/o diffamino e\/o offendano terze parti sia esse persone fisiche che giuridiche.<\/p>\n<p>Il Venditore potr\u00e0 non dar corso a tuoi ordini d\u2019acquisto che non diano sufficienti garanzie di solvibilit\u00e0 o che risultino incompleti o non corretti ovvero in caso di indisponibilit\u00e0 dei prodotti o non eseguibili delle lavorazioni richieste.<\/p>\n<p>Qualora i prodotti, presentati su customuniform.com, non siano pi\u00f9 disponibili o in vendita al momento del tuo ultimo accesso al sito ovvero dell\u2019invio del modulo d\u2019ordine, sar\u00e0 cura del Venditore comunicarti, tempestivamente ed in ogni caso entro trenta (30) giorni a decorrere dal giorno successivo a quello in cui avrai trasmesso il tuo ordine al Venditore, l\u2019eventuale indisponibilit\u00e0 dei prodotti ordinati.<\/p>\n<p>In tutti questi casi, provvederemo ad informarti per posta elettronica che il contratto non \u00e8 concluso e che il Venditore non ha dato seguito al tuo ordine d\u2019acquisto specificandone i motivi. Se il contratto non \u00e8 concluso il Venditore non ti addebiter\u00e0 il valore dell\u2019ordine o ti restituir\u00e0 quanto gi\u00e0 versato.<\/p>\n<p><strong>Annullamento dell\u2019ordine<\/strong><br \/>L\u2019annullamento dell\u2019ordine \u00e8 possibile fino al momento in cui lo stesso non \u00e8 ancora stato confermato dal Venditore. Lo stato dell\u2019ordine \u00e8 chiaramente visibile accedendo dalla tua Area personale e non \u00e8 pi\u00f9 annullabile se appare l\u2019indicazione \u201cOrdine conferma<\/p>\n<p><strong>Fattura<\/strong><br \/>Capo Leeuwin Srl emette sempre e comunque fattura del materiale acquistato. Per l\u2019emissione della fattura, fanno fede le informazioni fornite dal Cliente all\u2019atto dell\u2019ordine. Nessuna variazione in fattura sar\u00e0 possibile, dopo l\u2019emissione della stessa. La fattura viene inviata in formato PDF allegata alla mail di conferma dell\u2019ordine.<\/p>\n<p><strong>Tempi di lavorazione e consegna<\/strong><br \/>Gli articoli ordinati verranno ultimati indicativamente in 15 giorni lavorativi e recapitati in 3 giorni lavorativi dalla consegna al corriere. Questo \u00e8 da considerarsi un tempo massimo indicativo e Capo Leeuwin Srl declina ogni responsabilit\u00e0 nel caso di ritardi e\/o disservizi dovuti a imprevisti o incidenti tecnici. Vedi schema riassuntivo.<\/p>\n<p><strong>Spedizione e consegna dei prodotti<\/strong><br \/>Per conoscere le specifiche modalit\u00e0 di spedizione e di consegna dei prodotti, accedi alla sezione dedicata Spedizioni. Ti preghiamo di prestare attenzione a quanto riportato in questa sezione perch\u00e9 le indicazioni ivi contenute formano parte integrante e sostanziale delle presenti Condizioni Generali di Vendita e, pertanto, si ritengono da te integralmente conosciute ed accettate al momento della trasmissione del modulo d\u2019ordine.<\/p>\n<p><strong>Giurisdizione e Legge applicabile<\/strong><br \/>Il contratto di vendita tra il Cliente e Capo Leeuwin Srl s\u2019intende concluso in Italia e regolato dalla Legge Italiana.<\/p>\n<p><strong>Modifica e aggiornamento<\/strong><br \/>Capo Leeuwin Srl potr\u00e0 modificare o semplicemente aggiornare, in tutto o in parte, queste Condizioni Generali di Vendita. Le modifiche e gli aggiornamenti delle Condizioni Generali di Vendita saranno vincolanti non appena pubblicati sul sito web in questa stessa sezione. Ti preghiamo pertanto di accedere con regolarit\u00e0 a questa sezione per verificare la pubblicazione delle pi\u00f9 recenti e aggiornate Condizioni Generali di Vendita del sito customuniform.com. Qualora non dovessi concordare, in tutto o in parte, con queste Condizioni Generali di Vendita, ti preghiamo di non acquistare nulla attraverso il nostro sito web.<\/p>\n<p>[\/et_pb_text][\/et_pb_column][\/et_pb_row][\/et_pb_section]<\/p>\n","protected":false},"excerpt":{"rendered":"<p>[et_pb_section fb_built=&#8221;1&#8243; _builder_version=&#8221;3.22&#8243;][et_pb_row _builder_version=&#8221;3.25&#8243; background_size=&#8221;initial&#8221; background_position=&#8221;top_left&#8221; background_repeat=&#8221;repeat&#8221;][et_pb_column type=&#8221;4_4&#8243; _builder_version=&#8221;3.25&#8243; custom_padding=&#8221;|||&#8221; custom_padding__hover=&#8221;|||&#8221;][et_pb_post_title meta=&#8221;off&#8221; featured_image=&#8221;off&#8221; _builder_version=&#8221;4.9.1&#8243; title_text_color=&#8221;#bd2026&#8243; hover_enabled=&#8221;0&#8243; title_text_align=&#8221;center&#8221; custom_margin=&#8221;25px||||false|false&#8221; sticky_enabled=&#8221;0&#8243;][\/et_pb_post_title][et_pb_text _builder_version=&#8221;4.9.1&#8243; header_2_text_color=&#8221;#666666&#8243; background_size=&#8221;initial&#8221; background_position=&#8221;top_left&#8221; background_repeat=&#8221;repeat&#8221; hover_enabled=&#8221;0&#8243; text_text_color=&#8221;#666666&#8243; sticky_enabled=&#8221;0&#8243;] L\u2019offerta, la vendita e l\u2019acquisto di prodotti sul nostro sito web customuniform.com sono regolate da queste Condizioni Generali di Vendita: I prodotti acquistati su questo sito sono venduti [&hellip;]<\/p>\n","protected":false},"author":5,"featured_media":0,"parent":0,"menu_order":0,"comment_status":"closed","ping_status":"closed","template":"","meta":{"_acf_changed":false,"footnotes":""},"class_list":["post-1301","page","type-page","status-publish","hentry"],"acf":[],"yoast_head":"<!-- This site is optimized with the Yoast SEO plugin v27.4 - https:\/\/yoast.com\/product\/yoast-seo-wordpress\/ -->\n<title>Termini e Condizioni - Capo Leeuwin<\/title>\n<meta name=\"robots\" content=\"index, follow, max-snippet:-1, max-image-preview:large, max-video-preview:-1\" \/>\n<link rel=\"canonical\" href=\"https:\/\/capoleeuwin.com\/?page_id=1301\" \/>\n<meta property=\"og:locale\" content=\"it_IT\" \/>\n<meta property=\"og:type\" content=\"article\" \/>\n<meta property=\"og:title\" content=\"Termini e Condizioni - Capo Leeuwin\" \/>\n<meta property=\"og:description\" content=\"[et_pb_section fb_built=&#8221;1&#8243; _builder_version=&#8221;3.22&#8243;][et_pb_row _builder_version=&#8221;3.25&#8243; background_size=&#8221;initial&#8221; background_position=&#8221;top_left&#8221; background_repeat=&#8221;repeat&#8221;][et_pb_column type=&#8221;4_4&#8243; _builder_version=&#8221;3.25&#8243; custom_padding=&#8221;|||&#8221; custom_padding__hover=&#8221;|||&#8221;][et_pb_post_title meta=&#8221;off&#8221; featured_image=&#8221;off&#8221; _builder_version=&#8221;4.9.1&#8243; title_text_color=&#8221;#bd2026&#8243; hover_enabled=&#8221;0&#8243; title_text_align=&#8221;center&#8221; custom_margin=&#8221;25px||||false|false&#8221; sticky_enabled=&#8221;0&#8243;][\/et_pb_post_title][et_pb_text _builder_version=&#8221;4.9.1&#8243; header_2_text_color=&#8221;#666666&#8243; background_size=&#8221;initial&#8221; background_position=&#8221;top_left&#8221; background_repeat=&#8221;repeat&#8221; hover_enabled=&#8221;0&#8243; text_text_color=&#8221;#666666&#8243; sticky_enabled=&#8221;0&#8243;] L\u2019offerta, la vendita e l\u2019acquisto di prodotti sul nostro sito web customuniform.com sono regolate da queste Condizioni Generali di Vendita: I prodotti acquistati su questo sito sono venduti [&hellip;]\" \/>\n<meta property=\"og:url\" content=\"https:\/\/capoleeuwin.com\/?page_id=1301\" \/>\n<meta property=\"og:site_name\" content=\"Capo Leeuwin\" \/>\n<meta property=\"article:modified_time\" content=\"2021-03-12T14:01:23+00:00\" \/>\n<meta name=\"twitter:card\" content=\"summary_large_image\" \/>\n<meta name=\"twitter:label1\" content=\"Tempo di lettura stimato\" \/>\n\t<meta name=\"twitter:data1\" content=\"9 minuti\" \/>\n<script type=\"application\/ld+json\" class=\"yoast-schema-graph\">{\"@context\":\"https:\\\/\\\/schema.org\",\"@graph\":[{\"@type\":\"WebPage\",\"@id\":\"https:\\\/\\\/capoleeuwin.com\\\/?page_id=1301\",\"url\":\"https:\\\/\\\/capoleeuwin.com\\\/?page_id=1301\",\"name\":\"Termini e Condizioni - Capo Leeuwin\",\"isPartOf\":{\"@id\":\"https:\\\/\\\/capoleeuwin.com\\\/#website\"},\"datePublished\":\"2019-07-17T15:23:23+00:00\",\"dateModified\":\"2021-03-12T14:01:23+00:00\",\"breadcrumb\":{\"@id\":\"https:\\\/\\\/capoleeuwin.com\\\/?page_id=1301#breadcrumb\"},\"inLanguage\":\"it-IT\",\"potentialAction\":[{\"@type\":\"ReadAction\",\"target\":[\"https:\\\/\\\/capoleeuwin.com\\\/?page_id=1301\"]}]},{\"@type\":\"BreadcrumbList\",\"@id\":\"https:\\\/\\\/capoleeuwin.com\\\/?page_id=1301#breadcrumb\",\"itemListElement\":[{\"@type\":\"ListItem\",\"position\":1,\"name\":\"Home\",\"item\":\"https:\\\/\\\/capoleeuwin.com\\\/\"},{\"@type\":\"ListItem\",\"position\":2,\"name\":\"Termini e Condizioni\"}]},{\"@type\":\"WebSite\",\"@id\":\"https:\\\/\\\/capoleeuwin.com\\\/#website\",\"url\":\"https:\\\/\\\/capoleeuwin.com\\\/\",\"name\":\"Capo Leeuwin\",\"description\":\"Abbigliamento tecnico per la nautica\",\"potentialAction\":[{\"@type\":\"SearchAction\",\"target\":{\"@type\":\"EntryPoint\",\"urlTemplate\":\"https:\\\/\\\/capoleeuwin.com\\\/?s={search_term_string}\"},\"query-input\":{\"@type\":\"PropertyValueSpecification\",\"valueRequired\":true,\"valueName\":\"search_term_string\"}}],\"inLanguage\":\"it-IT\"}]}<\/script>\n<!-- \/ Yoast SEO plugin. -->","yoast_head_json":{"title":"Termini e Condizioni - Capo Leeuwin","robots":{"index":"index","follow":"follow","max-snippet":"max-snippet:-1","max-image-preview":"max-image-preview:large","max-video-preview":"max-video-preview:-1"},"canonical":"https:\/\/capoleeuwin.com\/?page_id=1301","og_locale":"it_IT","og_type":"article","og_title":"Termini e Condizioni - Capo Leeuwin","og_description":"[et_pb_section fb_built=&#8221;1&#8243; _builder_version=&#8221;3.22&#8243;][et_pb_row _builder_version=&#8221;3.25&#8243; background_size=&#8221;initial&#8221; background_position=&#8221;top_left&#8221; background_repeat=&#8221;repeat&#8221;][et_pb_column type=&#8221;4_4&#8243; _builder_version=&#8221;3.25&#8243; custom_padding=&#8221;|||&#8221; custom_padding__hover=&#8221;|||&#8221;][et_pb_post_title meta=&#8221;off&#8221; featured_image=&#8221;off&#8221; _builder_version=&#8221;4.9.1&#8243; title_text_color=&#8221;#bd2026&#8243; hover_enabled=&#8221;0&#8243; title_text_align=&#8221;center&#8221; custom_margin=&#8221;25px||||false|false&#8221; sticky_enabled=&#8221;0&#8243;][\/et_pb_post_title][et_pb_text _builder_version=&#8221;4.9.1&#8243; header_2_text_color=&#8221;#666666&#8243; background_size=&#8221;initial&#8221; background_position=&#8221;top_left&#8221; background_repeat=&#8221;repeat&#8221; hover_enabled=&#8221;0&#8243; text_text_color=&#8221;#666666&#8243; sticky_enabled=&#8221;0&#8243;] L\u2019offerta, la vendita e l\u2019acquisto di prodotti sul nostro sito web customuniform.com sono regolate da queste Condizioni Generali di Vendita: I prodotti acquistati su questo sito sono venduti [&hellip;]","og_url":"https:\/\/capoleeuwin.com\/?page_id=1301","og_site_name":"Capo Leeuwin","article_modified_time":"2021-03-12T14:01:23+00:00","twitter_card":"summary_large_image","twitter_misc":{"Tempo di lettura stimato":"9 minuti"},"schema":{"@context":"https:\/\/schema.org","@graph":[{"@type":"WebPage","@id":"https:\/\/capoleeuwin.com\/?page_id=1301","url":"https:\/\/capoleeuwin.com\/?page_id=1301","name":"Termini e Condizioni - Capo Leeuwin","isPartOf":{"@id":"https:\/\/capoleeuwin.com\/#website"},"datePublished":"2019-07-17T15:23:23+00:00","dateModified":"2021-03-12T14:01:23+00:00","breadcrumb":{"@id":"https:\/\/capoleeuwin.com\/?page_id=1301#breadcrumb"},"inLanguage":"it-IT","potentialAction":[{"@type":"ReadAction","target":["https:\/\/capoleeuwin.com\/?page_id=1301"]}]},{"@type":"BreadcrumbList","@id":"https:\/\/capoleeuwin.com\/?page_id=1301#breadcrumb","itemListElement":[{"@type":"ListItem","position":1,"name":"Home","item":"https:\/\/capoleeuwin.com\/"},{"@type":"ListItem","position":2,"name":"Termini e Condizioni"}]},{"@type":"WebSite","@id":"https:\/\/capoleeuwin.com\/#website","url":"https:\/\/capoleeuwin.com\/","name":"Capo Leeuwin","description":"Abbigliamento tecnico per la nautica","potentialAction":[{"@type":"SearchAction","target":{"@type":"EntryPoint","urlTemplate":"https:\/\/capoleeuwin.com\/?s={search_term_string}"},"query-input":{"@type":"PropertyValueSpecification","valueRequired":true,"valueName":"search_term_string"}}],"inLanguage":"it-IT"}]}},"_links":{"self":[{"href":"https:\/\/capoleeuwin.com\/index.php?rest_route=\/wp\/v2\/pages\/1301","targetHints":{"allow":["GET"]}}],"collection":[{"href":"https:\/\/capoleeuwin.com\/index.php?rest_route=\/wp\/v2\/pages"}],"about":[{"href":"https:\/\/capoleeuwin.com\/index.php?rest_route=\/wp\/v2\/types\/page"}],"author":[{"embeddable":true,"href":"https:\/\/capoleeuwin.com\/index.php?rest_route=\/wp\/v2\/users\/5"}],"replies":[{"embeddable":true,"href":"https:\/\/capoleeuwin.com\/index.php?rest_route=%2Fwp%2Fv2%2Fcomments&post=1301"}],"version-history":[{"count":0,"href":"https:\/\/capoleeuwin.com\/index.php?rest_route=\/wp\/v2\/pages\/1301\/revisions"}],"wp:attachment":[{"href":"https:\/\/capoleeuwin.com\/index.php?rest_route=%2Fwp%2Fv2%2Fmedia&parent=1301"}],"curies":[{"name":"wp","href":"https:\/\/api.w.org\/{rel}","templated":true}]}}