{"id":3,"date":"2019-06-25T13:21:49","date_gmt":"2019-06-25T13:21:49","guid":{"rendered":"https:\/\/custom-uniform.com\/?page_id=3"},"modified":"2021-03-12T15:05:34","modified_gmt":"2021-03-12T14:05:34","slug":"privacy-policy","status":"publish","type":"page","link":"https:\/\/capoleeuwin.com\/?page_id=3","title":{"rendered":"Privacy Policy"},"content":{"rendered":"[et_pb_section fb_built=&#8221;1&#8243; _builder_version=&#8221;3.22&#8243;][et_pb_row _builder_version=&#8221;3.25&#8243; background_size=&#8221;initial&#8221; background_position=&#8221;top_left&#8221; background_repeat=&#8221;repeat&#8221;][et_pb_column type=&#8221;4_4&#8243; _builder_version=&#8221;3.25&#8243; custom_padding=&#8221;|||&#8221; custom_padding__hover=&#8221;|||&#8221;][et_pb_post_title meta=&#8221;off&#8221; featured_image=&#8221;off&#8221; _builder_version=&#8221;4.9.1&#8243; hover_enabled=&#8221;0&#8243; title_text_color=&#8221;#BD2026&#8243; title_text_align=&#8221;center&#8221; sticky_enabled=&#8221;0&#8243; custom_margin=&#8221;25px||||false|false&#8221;][\/et_pb_post_title][et_pb_text _builder_version=&#8221;4.9.1&#8243; background_size=&#8221;initial&#8221; background_position=&#8221;top_left&#8221; background_repeat=&#8221;repeat&#8221; hover_enabled=&#8221;0&#8243; text_text_color=&#8221;#666666&#8243; sticky_enabled=&#8221;0&#8243;]<p>Informativa Privacy<br \/>Titolare del Trattamento dei Dati:<br \/>Capo Leeuwin di Micheal Cimmino con sede in Via Benedetto De Falco 16 ,80136 &#8211; Napoli, d&#8217;ora in avanti denominato &#8220;Titolare&#8221;<br \/>Indirizzo email del Titolare: capoleeuwin@libero.it<\/p>\n<p>Questa informativa fa riferimento esclusivamente a questo sito web: www.custom-uniform.com d&#8217;ora in avanti denominato &#8220;Sito&#8221;<\/p>\n<p>Il Titolare, ai sensi del d.lgs. 196\/2003 e successive modifiche \u2013 Codice in materia di protezione dei dati personali (&#8220;Codice Privacy&#8221;) \u2013 e del Regolamento UE 679\/2016 applicabile dal 25 Maggio 2018 \u2013 Regolamento Generale sulla Protezione dei Dati (&#8220;GDPR&#8221;) (d&#8217;ora in avanti Codice Privacy e GDPR saranno collettivamente indicati come &#8220;Normativa Applicabile&#8221;), riconosce l&#8217;importanza della protezione dei dati personali e considera la sua tutela uno degli obiettivi principali della propria attivit\u00e0. Prima di comunicare qualsiasi dato personale, il Titolare ti invita a leggere con attenzione la presente Privacy Policy, poich\u00e9 contiene informazioni importanti sulla tutela dei dati personali e sulle misure di sicurezza adottate per garantirne la riservatezza nel pieno rispetto della Normativa Applicabile. La presente Privacy Policy, inoltre: si intende resa solo per il Sito mentre non si applica ad altri siti web eventualmente consultati tramite link esterni; \u00e8 da intendersi quale Informativa resa ai sensi dell&#8217;art. 13 della Normativa Applicabile a coloro che interagiscono con il Sito; si conforma alla Raccomandazione n. 2\/2001 relativa ai requisiti minimi per la raccolta di dati on-line nell&#8217;Unione Europea, adottata il 17 maggio 2001 dal Gruppo di Lavoro Articolo 29. Il Titolare ti informa che il trattamento dei tuoi dati personali sar\u00e0 improntato ai principi di liceit\u00e0, correttezza, trasparenza, limitazione delle finalit\u00e0 e della conservazione, minimizzazione dei dati, esattezza, integrit\u00e0 e riservatezza. I tuoi dati personali verranno pertanto trattati in accordo alle disposizioni legislative della Normativa Applicabile e degli obblighi di riservatezza ivi previsti.<br \/><strong>Oggetto del trattamento<\/strong><br \/>Per &#8220;Dati Personali&#8221; si intende qualsiasi informazione riguardante una persona fisica identificata o identificabile con particolare riferimento a un identificativo come il nome, un numero di identificazione, dati relativi all&#8217;ubicazione, un identificativo online o a uno o pi\u00f9\u0300 elementi caratteristici della sua identit\u00e0 fisica, fisiologica, psichica, economica, culturale o sociale.<\/p>\n<p>I Dati Personali raccolti dal Sito sono i seguenti:<\/p>\n<p><strong>Dati di navigazione<\/strong><br \/>I sistemi informatici e le procedure software preposte al funzionamento di questo sito acquisiscono, nel normale esercizio, alcuni dati personali che vengono poi trasmessi implicitamente nell&#8217;uso dei protocolli di comunicazione Internet. Si tratta di informazioni che per loro natura potrebbero, mediante associazioni ed elaborazioni con dati detenuti da terzi, permettere di identificare gli utenti\/visitatori (ad es. indirizzo IP, nomi di domini dei computer utilizzati dagli utenti\/visitatori che si collegano al sito, ecc.). Questi dati vengono utilizzati al solo fine di ricavare informazioni di tipo statistico (quindi sono anonimi) e per controllare il corretto funzionamento del sito. Vengono cancellati subito dopo l&#8217;elaborazione. I dati sui contatti web non vengono conservati, comunque, per pi\u00f9 di sette giorni salvo eventuali accertamenti di reati informatici ai danni del sito. Nessun dato derivante dal servizio web verr\u00e0 comunicato o diffuso, salvo che per adempiere agli obblighi previsti da leggi, regolamenti o normative comunitarie.<br \/><strong>Dati forniti volontariamente<\/strong><br \/>Qualora gli utenti\/visitatori collegandosi a questo sito inviino propri dati personali per accedere a determinati servizi, ovvero, per effettuare richieste via posta elettronica, si avr\u00e0 l&#8217;acquisizione di tali dati da parte del Titolare e\/o dei terzi unitamente ai quali il Titolare potrebbe fornire il servizio richiesto dall&#8217;utente\/visitatore; tali dati verranno trattati esclusivamente per rispondere alla richiesta, ovvero per la fornitura del servizio in conformit\u00e0 con la presente Policy e le specifiche Informative privacy fornite in fase di adesione ai singoli servizi. I dati personali espressamente conferiti dagli utenti\/visitatori verranno comunicati a terzi solo nel caso in cui la comunicazione sia necessaria per ottemperare alle richieste degli utenti\/visitatori medesimi, fermo restando quanto previsto nelle Informative specifiche dei singoli servizi.<br \/>Il Titolare tratter\u00e0 questi dati nel rispetto della Normativa Applicabile, assumendo che siano riferiti a te o a terzi soggetti che ti hanno espressamente autorizzato a conferirli in base ad un&#8217;idonea base giuridica che legittima il trattamento dei dati in questione. Rispetto a tali ipotesi, ti poni come autonomo titolare del trattamento, assumendoti tutti gli obblighi e le responsabilit\u00e0 di legge. In tal senso, conferisci sul punto la pi\u00f9 ampia manleva rispetto ad ogni contestazione, pretesa, richiesta di risarcimento del danno da trattamento, etc. che dovesse pervenire al Titolare da terzi soggetti i cui Dati Personali siano stati trattati attraverso il tuo utilizzo del Sito in violazione della Normativa Applicabile.<br \/><strong>Cookie e tecnologie affini<\/strong><br \/>Il presente sito utilizza cookies, fare riferimento al documento specifico presente al link Cookies Policy<br \/><strong>Finalit\u00e0 del trattamento<\/strong><br \/>I Dati Personali che fornisci attraverso il Sito saranno trattati dal Titolare per le seguenti finalit\u00e0:<br \/>finalit\u00e0 inerenti l&#8217;esecuzione di un servizio conseguente ad una tua richiesta (es: richiesta di contatto tramite la compilazione del form presente alla pagina Contatti);<br \/>Il conferimento dei tuoi Dati Personali per la finalit\u00e0 sopra elencate \u00e8 facoltativo ma il loro eventuale mancato conferimento potrebbe rendere impossibile riscontrare una tua richiesta o adempiere ad un obbligo legale a cui il Titolare \u00e8 soggetto.<br \/>Modalit\u00e0 del Trattamento e Misure di Sicurezza e Riservatezza dei Dati<br \/>I dati degli Utenti sono trattati, con strumenti elettronici e\/o automatizzati e non, per mezzo delle operazioni indicate all&#8217;art. 4 Codice Privacy e all&#8217;art. 4 n. 2) GDPR e precisamente: raccolta, registrazione, organizzazione, conservazione, consultazione, elaborazione, modificazione, selezione, estrazione, raffronto, utilizzo, interconnessione, blocco, comunicazione, cancellazione e distruzione dei dati.<br \/>In conformit\u00e0 alla normativa vigente il Titolare ha adottato specifiche misure di sicurezza per prevenire la perdita dei dati, usi illeciti o non corretti ed accessi non autorizzati.<br \/><strong>Periodo di conservazione<\/strong><br \/>Il Titolare conserver\u00e0 e tratter\u00e0 i dati personali per il solo tempo strettamente necessario per adempiere alle Finalit\u00e0 del Trattamento di cui sopra.<br \/><strong>Accesso Dati<\/strong><br \/>I dati potranno essere resi accessibili esclusivamente per le finalit\u00e0 di cui sopra a:<br \/>dipendenti e collaboratori del Titolare o delle societ\u00e0 collegate, controllate, affiliate, nella loro qualit\u00e0 di incaricati e\/o responsabili interni del trattamento e\/o amministratori di sistema;<br \/>societ\u00e0 terze o altri soggetti, persone, societ\u00e0, associazioni o studi professionali che prestino servizi ed attivit\u00e0 in outsourcing per conto del Titolare, nella loro qualit\u00e0 di responsabili del trattamento;<br \/>fornitori, tecnici addetti all&#8217;assistenza hardware e software, istituti di credito, studi professionali, etc.<br \/>Il Titolare comunica che i dati non saranno oggetto di diffusione.<br \/><strong>Trasferimento Dati<\/strong><br \/>I dati non saranno oggetto di trasferimento al di fuori dell&#8217;Unione Europea. Resta in ogni caso inteso che il Titolare, ove si rendesse necessario, avr\u00e0 facolt\u00e0 di spostare l&#8217;ubicazione dei server in Italia e\/o Unione Europea e\/o Paesi extra-UE. In tal caso, il Titolare assicura sin d&#8217;ora che il trasferimento dei dati extra-UE avverr\u00e0 in conformit\u00e0 alle disposizioni di legge applicabili stipulando, se necessario, accordi che garantiscano un livello di protezione adeguato e\/o adottando le clausole contrattuali standard previste dalla Commissione Europea.<br \/><strong>Diritti degli Utenti<\/strong><\/p>\n<p>L&#8217;Utente avr\u00e0 la facolt\u00e0 di esercitare i propri diritti nei confronti del Titolare del trattamento, ai sensi dell&#8217;art. 7 Codice Privacy e art. 15 GDPR e precisamente i diritti di:<br \/>ottenere da parte del Titolare la conferma dell&#8217;esistenza o meno di dati personali che lo riguardano, anche se non ancora registrati, e la loro comunicazione in forma intelligibile;<br \/>ottenere la conferma: a) dell&#8217;origine dei dati personali; b) delle finalit\u00e0 e modalit\u00e0 del trattamento; c) della logica applicata in caso di trattamento effettuato con l&#8217;ausilio di strumenti automatizzati; d) degli estremi identificativi del titolare, dei responsabili e del rappresentante designato ai sensi dell&#8217;art. 5, comma 2 Codice Privacy e art. 3, comma 1, GDPR; e) dei soggetti o delle categorie di soggetti ai quali i dati personali possono essere comunicati o che possono venirne a conoscenza in qualit\u00e0 di rappresentante designato nel territorio dello Stato, di responsabili o incaricati;<br \/>ottenere: a) l&#8217;aggiornamento, la rettifica ovvero, quando vi ha interesse, l&#8217;integrazione dei dati; b) la cancellazione, la trasformazione in forma anonima o il blocco dei dati trattati in violazione di legge, compresi quelli di cui non \u00e8 necessaria la conservazione in relazione agli scopi per i quali i dati sono stati raccolti o successivamente trattati; c) l&#8217;attestazione che le operazioni di cui alle lettere a) e b) sono state portate a conoscenza, anche per quanto riguarda il loro contenuto, di coloro ai quali i dati sono stati comunicati o diffusi, eccettuato il caso in cui tale adempimento si riveli impossibile o comporti un impiego di mezzi manifestamente sproporzionato rispetto al diritto tutelato;<br \/>opporsi, in tutto o in parte: a) per motivi legittimi al trattamento dei dati personali che lo riguardano, ancorch\u00e9 pertinenti allo scopo della raccolta; b) al trattamento di dati personali che lo riguardano a fini di invio di materiale pubblicitario o di vendita diretta o per il compimento di ricerche di mercato o di comunicazione commerciale (es. Newsletter).<br \/>Ove applicabili, l&#8217;Utente ha altres\u00ec i diritti di cui agli artt. 16-21 GDPR (Diritto di rettifica, diritto all&#8217;oblio, diritto di limitazione di trattamento, diritto alla portabilit\u00e0 dei dati contrattuali e grezzi di navigazione, diritto di opposizione), nonch\u00e9 il diritto di reclamo all&#8217;Autorit\u00e0 Garante.<br \/><strong>Modalit\u00e0 di esercizio dei diritti<\/strong><br \/>L&#8217;utente pu\u00f2 in qualsiasi momento esercitare i diritti di cui sopra, contattando il Titolare via e-mail all&#8217;indirizzo sopra riportato.<br \/><strong>Siti Web di terzi e altri siti del Titolare<\/strong><br \/>Si segnala sin d&#8217;ora che, qualora il Sito dovesse contenere link che rimandano a siti web di soggetti terzi, il Titolare non pu\u00f2 esercitare alcun controllo sul contenuto di tali siti web n\u00e9 ha alcun accesso ai dati personali degli utenti visitatori dei medesimi. Si consiglia, pertanto, di leggere attentamente le relative politiche sulla privacy ed i termini d&#8217;uso di tali siti web, prima di fornire o acconsentire al trattamento dei propri dati personali.<br \/><strong>Aggiornamenti dell&#8217;Informativa<\/strong><br \/>La presente privacy policy pu\u00f2 subire modifiche nel tempo \u2013 anche connesse all&#8217;eventuale entrata in vigore di nuove normative di settore, all&#8217;aggiornamento o erogazione di nuovi servizi ovvero ad intervenute innovazioni tecnologiche \u2013 per cui l&#8217;utente\/visitatore \u00e8 invitato a consultare periodicamente questa pagina.<br \/><strong>Data di ultima modifica<\/strong><br \/>La presente informativa \u00e8 stata aggiornata il 17\/07\/2019.<\/p>\n<p><\/p>[\/et_pb_text][\/et_pb_column][\/et_pb_row][\/et_pb_section]<!-- \/wp:post-content -->","protected":false},"excerpt":{"rendered":"<p>[et_pb_section fb_built=&#8221;1&#8243; _builder_version=&#8221;3.22&#8243;][et_pb_row _builder_version=&#8221;3.25&#8243; background_size=&#8221;initial&#8221; background_position=&#8221;top_left&#8221; background_repeat=&#8221;repeat&#8221;][et_pb_column type=&#8221;4_4&#8243; _builder_version=&#8221;3.25&#8243; custom_padding=&#8221;|||&#8221; custom_padding__hover=&#8221;|||&#8221;][et_pb_post_title meta=&#8221;off&#8221; featured_image=&#8221;off&#8221; _builder_version=&#8221;4.9.1&#8243; hover_enabled=&#8221;0&#8243; title_text_color=&#8221;#BD2026&#8243; title_text_align=&#8221;center&#8221; sticky_enabled=&#8221;0&#8243; custom_margin=&#8221;25px||||false|false&#8221;][\/et_pb_post_title][et_pb_text _builder_version=&#8221;4.9.1&#8243; background_size=&#8221;initial&#8221; background_position=&#8221;top_left&#8221; background_repeat=&#8221;repeat&#8221; hover_enabled=&#8221;0&#8243; text_text_color=&#8221;#666666&#8243; sticky_enabled=&#8221;0&#8243;] Informativa PrivacyTitolare del Trattamento dei Dati:Capo Leeuwin di Micheal Cimmino con sede in Via Benedetto De Falco 16 ,80136 &#8211; Napoli, d&#8217;ora in avanti denominato &#8220;Titolare&#8221;Indirizzo email del Titolare: [&hellip;]<\/p>\n","protected":false},"author":8,"featured_media":0,"parent":0,"menu_order":0,"comment_status":"closed","ping_status":"closed","template":"","meta":{"_acf_changed":false,"footnotes":""},"class_list":["post-3","page","type-page","status-publish","hentry"],"acf":[],"yoast_head":"<!-- This site is optimized with the Yoast SEO plugin v27.4 - https:\/\/yoast.com\/product\/yoast-seo-wordpress\/ -->\n<title>Privacy Policy - Capo Leeuwin<\/title>\n<meta name=\"description\" content=\"Pagina contenente la normativa sulla privacy, che Capo Leeuwin si impegna a rispettare nel rapporto con il cliente ed il visitatore del sito\" \/>\n<meta name=\"robots\" content=\"index, follow, max-snippet:-1, max-image-preview:large, max-video-preview:-1\" \/>\n<link rel=\"canonical\" href=\"https:\/\/capoleeuwin.com\/?page_id=3\" \/>\n<meta property=\"og:locale\" content=\"it_IT\" \/>\n<meta property=\"og:type\" content=\"article\" \/>\n<meta property=\"og:title\" content=\"Privacy Policy - Capo Leeuwin\" \/>\n<meta property=\"og:description\" content=\"Pagina contenente la normativa sulla privacy, che Capo Leeuwin si impegna a rispettare nel rapporto con il cliente ed il visitatore del sito\" \/>\n<meta property=\"og:url\" content=\"https:\/\/capoleeuwin.com\/?page_id=3\" \/>\n<meta property=\"og:site_name\" content=\"Capo Leeuwin\" \/>\n<meta property=\"article:modified_time\" content=\"2021-03-12T14:05:34+00:00\" \/>\n<meta name=\"twitter:card\" content=\"summary_large_image\" \/>\n<meta name=\"twitter:label1\" content=\"Tempo di lettura stimato\" \/>\n\t<meta name=\"twitter:data1\" content=\"9 minuti\" \/>\n<script type=\"application\/ld+json\" class=\"yoast-schema-graph\">{\"@context\":\"https:\\\/\\\/schema.org\",\"@graph\":[{\"@type\":\"WebPage\",\"@id\":\"https:\\\/\\\/capoleeuwin.com\\\/?page_id=3\",\"url\":\"https:\\\/\\\/capoleeuwin.com\\\/?page_id=3\",\"name\":\"Privacy Policy - Capo Leeuwin\",\"isPartOf\":{\"@id\":\"https:\\\/\\\/capoleeuwin.com\\\/#website\"},\"datePublished\":\"2019-06-25T13:21:49+00:00\",\"dateModified\":\"2021-03-12T14:05:34+00:00\",\"description\":\"Pagina contenente la normativa sulla privacy, che Capo Leeuwin si impegna a rispettare nel rapporto con il cliente ed il visitatore del sito\",\"breadcrumb\":{\"@id\":\"https:\\\/\\\/capoleeuwin.com\\\/?page_id=3#breadcrumb\"},\"inLanguage\":\"it-IT\",\"potentialAction\":[{\"@type\":\"ReadAction\",\"target\":[\"https:\\\/\\\/capoleeuwin.com\\\/?page_id=3\"]}]},{\"@type\":\"BreadcrumbList\",\"@id\":\"https:\\\/\\\/capoleeuwin.com\\\/?page_id=3#breadcrumb\",\"itemListElement\":[{\"@type\":\"ListItem\",\"position\":1,\"name\":\"Home\",\"item\":\"https:\\\/\\\/capoleeuwin.com\\\/\"},{\"@type\":\"ListItem\",\"position\":2,\"name\":\"Privacy Policy\"}]},{\"@type\":\"WebSite\",\"@id\":\"https:\\\/\\\/capoleeuwin.com\\\/#website\",\"url\":\"https:\\\/\\\/capoleeuwin.com\\\/\",\"name\":\"Capo Leeuwin\",\"description\":\"Abbigliamento tecnico per la nautica\",\"potentialAction\":[{\"@type\":\"SearchAction\",\"target\":{\"@type\":\"EntryPoint\",\"urlTemplate\":\"https:\\\/\\\/capoleeuwin.com\\\/?s={search_term_string}\"},\"query-input\":{\"@type\":\"PropertyValueSpecification\",\"valueRequired\":true,\"valueName\":\"search_term_string\"}}],\"inLanguage\":\"it-IT\"}]}<\/script>\n<!-- \/ Yoast SEO plugin. -->","yoast_head_json":{"title":"Privacy Policy - Capo Leeuwin","description":"Pagina contenente la normativa sulla privacy, che Capo Leeuwin si impegna a rispettare nel rapporto con il cliente ed il visitatore del sito","robots":{"index":"index","follow":"follow","max-snippet":"max-snippet:-1","max-image-preview":"max-image-preview:large","max-video-preview":"max-video-preview:-1"},"canonical":"https:\/\/capoleeuwin.com\/?page_id=3","og_locale":"it_IT","og_type":"article","og_title":"Privacy Policy - Capo Leeuwin","og_description":"Pagina contenente la normativa sulla privacy, che Capo Leeuwin si impegna a rispettare nel rapporto con il cliente ed il visitatore del sito","og_url":"https:\/\/capoleeuwin.com\/?page_id=3","og_site_name":"Capo Leeuwin","article_modified_time":"2021-03-12T14:05:34+00:00","twitter_card":"summary_large_image","twitter_misc":{"Tempo di lettura stimato":"9 minuti"},"schema":{"@context":"https:\/\/schema.org","@graph":[{"@type":"WebPage","@id":"https:\/\/capoleeuwin.com\/?page_id=3","url":"https:\/\/capoleeuwin.com\/?page_id=3","name":"Privacy Policy - Capo Leeuwin","isPartOf":{"@id":"https:\/\/capoleeuwin.com\/#website"},"datePublished":"2019-06-25T13:21:49+00:00","dateModified":"2021-03-12T14:05:34+00:00","description":"Pagina contenente la normativa sulla privacy, che Capo Leeuwin si impegna a rispettare nel rapporto con il cliente ed il visitatore del sito","breadcrumb":{"@id":"https:\/\/capoleeuwin.com\/?page_id=3#breadcrumb"},"inLanguage":"it-IT","potentialAction":[{"@type":"ReadAction","target":["https:\/\/capoleeuwin.com\/?page_id=3"]}]},{"@type":"BreadcrumbList","@id":"https:\/\/capoleeuwin.com\/?page_id=3#breadcrumb","itemListElement":[{"@type":"ListItem","position":1,"name":"Home","item":"https:\/\/capoleeuwin.com\/"},{"@type":"ListItem","position":2,"name":"Privacy Policy"}]},{"@type":"WebSite","@id":"https:\/\/capoleeuwin.com\/#website","url":"https:\/\/capoleeuwin.com\/","name":"Capo Leeuwin","description":"Abbigliamento tecnico per la nautica","potentialAction":[{"@type":"SearchAction","target":{"@type":"EntryPoint","urlTemplate":"https:\/\/capoleeuwin.com\/?s={search_term_string}"},"query-input":{"@type":"PropertyValueSpecification","valueRequired":true,"valueName":"search_term_string"}}],"inLanguage":"it-IT"}]}},"_links":{"self":[{"href":"https:\/\/capoleeuwin.com\/index.php?rest_route=\/wp\/v2\/pages\/3","targetHints":{"allow":["GET"]}}],"collection":[{"href":"https:\/\/capoleeuwin.com\/index.php?rest_route=\/wp\/v2\/pages"}],"about":[{"href":"https:\/\/capoleeuwin.com\/index.php?rest_route=\/wp\/v2\/types\/page"}],"author":[{"embeddable":true,"href":"https:\/\/capoleeuwin.com\/index.php?rest_route=\/wp\/v2\/users\/8"}],"replies":[{"embeddable":true,"href":"https:\/\/capoleeuwin.com\/index.php?rest_route=%2Fwp%2Fv2%2Fcomments&post=3"}],"version-history":[{"count":0,"href":"https:\/\/capoleeuwin.com\/index.php?rest_route=\/wp\/v2\/pages\/3\/revisions"}],"wp:attachment":[{"href":"https:\/\/capoleeuwin.com\/index.php?rest_route=%2Fwp%2Fv2%2Fmedia&parent=3"}],"curies":[{"name":"wp","href":"https:\/\/api.w.org\/{rel}","templated":true}]}}